{"id":614,"date":"2013-06-05T18:43:05","date_gmt":"2013-06-05T16:43:05","guid":{"rendered":"http:\/\/estoyhechouncocinillas.dreamhosters.com\/?page_id=614"},"modified":"2019-04-18T16:42:15","modified_gmt":"2019-04-18T14:42:15","slug":"a-propos","status":"publish","type":"page","link":"https:\/\/jesuisuncuisinier.fr\/fr\/a-propos\/","title":{"rendered":"\u00c0 propos de moi"},"content":{"rendered":"<\/p>\n<div style=\"text-align: justify;\">\n<img loading=\"lazy\" decoding=\"async\" class=\"alignright wp-image-5535\" src=\"http:\/\/jesuisuncuisinier.fr\/fr\/wp-content\/uploads\/2013\/06\/10982694_10153473308709534_7075450078532832254_n.jpg\" alt=\"10982694_10153473308709534_7075450078532832254_n\" width=\"200\" height=\"200\" srcset=\"https:\/\/jesuisuncuisinier.fr\/wp-content\/uploads\/2013\/06\/10982694_10153473308709534_7075450078532832254_n.jpg 646w, https:\/\/jesuisuncuisinier.fr\/wp-content\/uploads\/2013\/06\/10982694_10153473308709534_7075450078532832254_n-213x213.jpg 213w\" sizes=\"auto, (max-width: 200px) 100vw, 200px\" \/>Bonjour\u00a0! Je m\u2019appelle\u00a0Dami\u00e1n et si j\u2019ai\u00a0toujours voulu \u00eatre informaticien, maintenant je suis passionn\u00e9 de cuisine. Je vous souhaite la bienvenue \u00e0 jesuisuncuisinier.fr,\u00a0mon blog personnel o\u00f9 je partage toutes les recettes que j\u2019aime et, surtout celles que j\u2019aime bien faire. Les recettes sont le plus souvent faciles, pour tous les jours et n\u00e9cessitent pas beaucoup de temps. Pour chaque recette je donne les\u00a0explications, comment je les cuisine\u00a0chez moi, j\u2019aime les accompagner avec un peu de notre histoire commune\u00a0: comment je l\u2019ai d\u00e9couverte, pourquoi je l\u2019ai apprise et le plus important, pourquoi le j\u2019aime.\n<\/div>\n<p><\/ br><\/p>\n<div style=\"text-align: left;\">Pour toute collaboration, vous pouvez me contacter par email \u00e0 l&rsquo;adresse suivante:<\/p>\n<p><a href=\"mailto:jesuisuncuisinier@gmail.com\">jesuisuncuisinier@gmail.com<\/a>\n<\/div>\n<p>\n","protected":false},"excerpt":{"rendered":"","protected":false},"author":1,"featured_media":0,"parent":0,"menu_order":0,"comment_status":"open","ping_status":"open","template":"","meta":{"footnotes":""},"class_list":["post-614","page","type-page","status-publish","hentry"],"yoast_head":"<!-- This site is optimized with the Yoast SEO plugin v27.3 - https:\/\/yoast.com\/product\/yoast-seo-wordpress\/ -->\n<title>\u00c0 propos de moi<\/title>\n<meta name=\"robots\" content=\"noindex, follow\" \/>\n<meta property=\"og:locale\" content=\"fr_FR\" \/>\n<meta property=\"og:type\" content=\"article\" \/>\n<meta property=\"og:title\" content=\"\u00c0 propos de moi\" \/>\n<meta property=\"og:url\" content=\"https:\/\/jesuisuncuisinier.fr\/fr\/a-propos\/\" \/>\n<meta property=\"og:site_name\" content=\"Je suis un cuisinier - Recettes faciles\" \/>\n<meta property=\"article:modified_time\" content=\"2019-04-18T14:42:15+00:00\" \/>\n<meta property=\"og:image\" content=\"http:\/\/jesuisuncuisinier.fr\/fr\/wp-content\/uploads\/2013\/06\/10982694_10153473308709534_7075450078532832254_n.jpg\" \/>\n<meta name=\"twitter:card\" content=\"summary_large_image\" \/>\n<meta name=\"twitter:site\" content=\"@unptitcuisinier\" \/>\n<meta name=\"twitter:label1\" content=\"Dur\u00e9e de lecture estim\u00e9e\" \/>\n\t<meta name=\"twitter:data1\" content=\"1 minute\" \/>\n<script type=\"application\/ld+json\" class=\"yoast-schema-graph\">{\"@context\":\"https:\\\/\\\/schema.org\",\"@graph\":[{\"@type\":\"WebPage\",\"@id\":\"https:\\\/\\\/jesuisuncuisinier.fr\\\/fr\\\/a-propos\\\/\",\"url\":\"https:\\\/\\\/jesuisuncuisinier.fr\\\/fr\\\/a-propos\\\/\",\"name\":\"\u00c0 propos de moi\",\"isPartOf\":{\"@id\":\"https:\\\/\\\/jesuisuncuisinier.fr\\\/fr\\\/#website\"},\"primaryImageOfPage\":{\"@id\":\"https:\\\/\\\/jesuisuncuisinier.fr\\\/fr\\\/a-propos\\\/#primaryimage\"},\"image\":{\"@id\":\"https:\\\/\\\/jesuisuncuisinier.fr\\\/fr\\\/a-propos\\\/#primaryimage\"},\"thumbnailUrl\":\"http:\\\/\\\/jesuisuncuisinier.fr\\\/fr\\\/wp-content\\\/uploads\\\/2013\\\/06\\\/10982694_10153473308709534_7075450078532832254_n.jpg\",\"datePublished\":\"2013-06-05T16:43:05+00:00\",\"dateModified\":\"2019-04-18T14:42:15+00:00\",\"breadcrumb\":{\"@id\":\"https:\\\/\\\/jesuisuncuisinier.fr\\\/fr\\\/a-propos\\\/#breadcrumb\"},\"inLanguage\":\"fr-FR\",\"potentialAction\":[{\"@type\":\"ReadAction\",\"target\":[\"https:\\\/\\\/jesuisuncuisinier.fr\\\/fr\\\/a-propos\\\/\"]}]},{\"@type\":\"ImageObject\",\"inLanguage\":\"fr-FR\",\"@id\":\"https:\\\/\\\/jesuisuncuisinier.fr\\\/fr\\\/a-propos\\\/#primaryimage\",\"url\":\"http:\\\/\\\/jesuisuncuisinier.fr\\\/fr\\\/wp-content\\\/uploads\\\/2013\\\/06\\\/10982694_10153473308709534_7075450078532832254_n.jpg\",\"contentUrl\":\"http:\\\/\\\/jesuisuncuisinier.fr\\\/fr\\\/wp-content\\\/uploads\\\/2013\\\/06\\\/10982694_10153473308709534_7075450078532832254_n.jpg\"},{\"@type\":\"BreadcrumbList\",\"@id\":\"https:\\\/\\\/jesuisuncuisinier.fr\\\/fr\\\/a-propos\\\/#breadcrumb\",\"itemListElement\":[{\"@type\":\"ListItem\",\"position\":1,\"name\":\"Portada\",\"item\":\"https:\\\/\\\/jesuisuncuisinier.fr\\\/fr\\\/\"},{\"@type\":\"ListItem\",\"position\":2,\"name\":\"\u00c0 propos de moi\"}]},{\"@type\":\"WebSite\",\"@id\":\"https:\\\/\\\/jesuisuncuisinier.fr\\\/fr\\\/#website\",\"url\":\"https:\\\/\\\/jesuisuncuisinier.fr\\\/fr\\\/\",\"name\":\"Je suis un cuisinier - Recettes faciles\",\"description\":\"Recettes de cuisine faciles pour tous les jours. Cuisine fran\u00e7aise, espagnole et d&#039;ailleurs.\",\"publisher\":{\"@id\":\"https:\\\/\\\/jesuisuncuisinier.fr\\\/fr\\\/#\\\/schema\\\/person\\\/04d97b7b1ae2f60e14cd96fc10a341aa\"},\"potentialAction\":[{\"@type\":\"SearchAction\",\"target\":{\"@type\":\"EntryPoint\",\"urlTemplate\":\"https:\\\/\\\/jesuisuncuisinier.fr\\\/fr\\\/?s={search_term_string}\"},\"query-input\":{\"@type\":\"PropertyValueSpecification\",\"valueRequired\":true,\"valueName\":\"search_term_string\"}}],\"inLanguage\":\"fr-FR\"},{\"@type\":[\"Person\",\"Organization\"],\"@id\":\"https:\\\/\\\/jesuisuncuisinier.fr\\\/fr\\\/#\\\/schema\\\/person\\\/04d97b7b1ae2f60e14cd96fc10a341aa\",\"name\":\"Dami\u00e1n Serrano\",\"image\":{\"@type\":\"ImageObject\",\"inLanguage\":\"fr-FR\",\"@id\":\"https:\\\/\\\/jesuisuncuisinier.fr\\\/wp-content\\\/uploads\\\/2019\\\/11\\\/avatar.jpg\",\"url\":\"https:\\\/\\\/jesuisuncuisinier.fr\\\/wp-content\\\/uploads\\\/2019\\\/11\\\/avatar.jpg\",\"contentUrl\":\"https:\\\/\\\/jesuisuncuisinier.fr\\\/wp-content\\\/uploads\\\/2019\\\/11\\\/avatar.jpg\",\"width\":200,\"height\":200,\"caption\":\"Dami\u00e1n Serrano\"},\"logo\":{\"@id\":\"https:\\\/\\\/jesuisuncuisinier.fr\\\/wp-content\\\/uploads\\\/2019\\\/11\\\/avatar.jpg\"}}]}<\/script>\n<!-- \/ Yoast SEO plugin. -->","yoast_head_json":{"title":"\u00c0 propos de moi","robots":{"index":"noindex","follow":"follow"},"og_locale":"fr_FR","og_type":"article","og_title":"\u00c0 propos de moi","og_url":"https:\/\/jesuisuncuisinier.fr\/fr\/a-propos\/","og_site_name":"Je suis un cuisinier - Recettes faciles","article_modified_time":"2019-04-18T14:42:15+00:00","og_image":[{"url":"http:\/\/jesuisuncuisinier.fr\/fr\/wp-content\/uploads\/2013\/06\/10982694_10153473308709534_7075450078532832254_n.jpg","type":"","width":"","height":""}],"twitter_card":"summary_large_image","twitter_site":"@unptitcuisinier","twitter_misc":{"Dur\u00e9e de lecture estim\u00e9e":"1 minute"},"schema":{"@context":"https:\/\/schema.org","@graph":[{"@type":"WebPage","@id":"https:\/\/jesuisuncuisinier.fr\/fr\/a-propos\/","url":"https:\/\/jesuisuncuisinier.fr\/fr\/a-propos\/","name":"\u00c0 propos de moi","isPartOf":{"@id":"https:\/\/jesuisuncuisinier.fr\/fr\/#website"},"primaryImageOfPage":{"@id":"https:\/\/jesuisuncuisinier.fr\/fr\/a-propos\/#primaryimage"},"image":{"@id":"https:\/\/jesuisuncuisinier.fr\/fr\/a-propos\/#primaryimage"},"thumbnailUrl":"http:\/\/jesuisuncuisinier.fr\/fr\/wp-content\/uploads\/2013\/06\/10982694_10153473308709534_7075450078532832254_n.jpg","datePublished":"2013-06-05T16:43:05+00:00","dateModified":"2019-04-18T14:42:15+00:00","breadcrumb":{"@id":"https:\/\/jesuisuncuisinier.fr\/fr\/a-propos\/#breadcrumb"},"inLanguage":"fr-FR","potentialAction":[{"@type":"ReadAction","target":["https:\/\/jesuisuncuisinier.fr\/fr\/a-propos\/"]}]},{"@type":"ImageObject","inLanguage":"fr-FR","@id":"https:\/\/jesuisuncuisinier.fr\/fr\/a-propos\/#primaryimage","url":"http:\/\/jesuisuncuisinier.fr\/fr\/wp-content\/uploads\/2013\/06\/10982694_10153473308709534_7075450078532832254_n.jpg","contentUrl":"http:\/\/jesuisuncuisinier.fr\/fr\/wp-content\/uploads\/2013\/06\/10982694_10153473308709534_7075450078532832254_n.jpg"},{"@type":"BreadcrumbList","@id":"https:\/\/jesuisuncuisinier.fr\/fr\/a-propos\/#breadcrumb","itemListElement":[{"@type":"ListItem","position":1,"name":"Portada","item":"https:\/\/jesuisuncuisinier.fr\/fr\/"},{"@type":"ListItem","position":2,"name":"\u00c0 propos de moi"}]},{"@type":"WebSite","@id":"https:\/\/jesuisuncuisinier.fr\/fr\/#website","url":"https:\/\/jesuisuncuisinier.fr\/fr\/","name":"Je suis un cuisinier - Recettes faciles","description":"Recettes de cuisine faciles pour tous les jours. Cuisine fran\u00e7aise, espagnole et d&#039;ailleurs.","publisher":{"@id":"https:\/\/jesuisuncuisinier.fr\/fr\/#\/schema\/person\/04d97b7b1ae2f60e14cd96fc10a341aa"},"potentialAction":[{"@type":"SearchAction","target":{"@type":"EntryPoint","urlTemplate":"https:\/\/jesuisuncuisinier.fr\/fr\/?s={search_term_string}"},"query-input":{"@type":"PropertyValueSpecification","valueRequired":true,"valueName":"search_term_string"}}],"inLanguage":"fr-FR"},{"@type":["Person","Organization"],"@id":"https:\/\/jesuisuncuisinier.fr\/fr\/#\/schema\/person\/04d97b7b1ae2f60e14cd96fc10a341aa","name":"Dami\u00e1n Serrano","image":{"@type":"ImageObject","inLanguage":"fr-FR","@id":"https:\/\/jesuisuncuisinier.fr\/wp-content\/uploads\/2019\/11\/avatar.jpg","url":"https:\/\/jesuisuncuisinier.fr\/wp-content\/uploads\/2019\/11\/avatar.jpg","contentUrl":"https:\/\/jesuisuncuisinier.fr\/wp-content\/uploads\/2019\/11\/avatar.jpg","width":200,"height":200,"caption":"Dami\u00e1n Serrano"},"logo":{"@id":"https:\/\/jesuisuncuisinier.fr\/wp-content\/uploads\/2019\/11\/avatar.jpg"}}]}},"amp_enabled":true,"_links":{"self":[{"href":"https:\/\/jesuisuncuisinier.fr\/fr\/wp-json\/wp\/v2\/pages\/614","targetHints":{"allow":["GET"]}}],"collection":[{"href":"https:\/\/jesuisuncuisinier.fr\/fr\/wp-json\/wp\/v2\/pages"}],"about":[{"href":"https:\/\/jesuisuncuisinier.fr\/fr\/wp-json\/wp\/v2\/types\/page"}],"author":[{"embeddable":true,"href":"https:\/\/jesuisuncuisinier.fr\/fr\/wp-json\/wp\/v2\/users\/1"}],"replies":[{"embeddable":true,"href":"https:\/\/jesuisuncuisinier.fr\/fr\/wp-json\/wp\/v2\/comments?post=614"}],"version-history":[{"count":0,"href":"https:\/\/jesuisuncuisinier.fr\/fr\/wp-json\/wp\/v2\/pages\/614\/revisions"}],"wp:attachment":[{"href":"https:\/\/jesuisuncuisinier.fr\/fr\/wp-json\/wp\/v2\/media?parent=614"}],"curies":[{"name":"wp","href":"https:\/\/api.w.org\/{rel}","templated":true}]}}